{"id":100,"date":"2025-02-20T09:39:27","date_gmt":"2025-02-20T09:39:27","guid":{"rendered":"https:\/\/elisavela.com\/?page_id=100"},"modified":"2025-02-25T18:18:33","modified_gmt":"2025-02-25T18:18:33","slug":"sintomas-conductuales-y-sociales","status":"publish","type":"page","link":"https:\/\/elisavela.com\/ca\/sintomas-conductuales-y-sociales\/","title":{"rendered":"S\u00edmptomes Conductuals i Socials"},"content":{"rendered":"","protected":false},"excerpt":{"rendered":"","protected":false},"author":1,"featured_media":0,"parent":0,"menu_order":0,"comment_status":"closed","ping_status":"closed","template":"","meta":{"slim_seo":{"title":"S\u00edntomas Conductuales y Sociales - Elisa Vela","description":"S\u00edntomas S\u00edntomas Conductuales y Sociales El malestar y las dificultades, en ocasiones, se expresan a trav\u00e9s de hacer o dejar de hacer acciones en nuestra vida,"},"footnotes":""},"class_list":["post-100","page","type-page","status-publish","hentry"],"_links":{"self":[{"href":"https:\/\/elisavela.com\/ca\/wp-json\/wp\/v2\/pages\/100","targetHints":{"allow":["GET"]}}],"collection":[{"href":"https:\/\/elisavela.com\/ca\/wp-json\/wp\/v2\/pages"}],"about":[{"href":"https:\/\/elisavela.com\/ca\/wp-json\/wp\/v2\/types\/page"}],"author":[{"embeddable":true,"href":"https:\/\/elisavela.com\/ca\/wp-json\/wp\/v2\/users\/1"}],"replies":[{"embeddable":true,"href":"https:\/\/elisavela.com\/ca\/wp-json\/wp\/v2\/comments?post=100"}],"version-history":[{"count":0,"href":"https:\/\/elisavela.com\/ca\/wp-json\/wp\/v2\/pages\/100\/revisions"}],"wp:attachment":[{"href":"https:\/\/elisavela.com\/ca\/wp-json\/wp\/v2\/media?parent=100"}],"curies":[{"name":"wp","href":"https:\/\/api.w.org\/{rel}","templated":true}]}}