{"id":104,"date":"2025-02-20T09:42:45","date_gmt":"2025-02-20T09:42:45","guid":{"rendered":"https:\/\/elisavela.com\/?page_id=104"},"modified":"2025-02-25T18:22:12","modified_gmt":"2025-02-25T18:22:12","slug":"sintomas-conductas-de-riesgo","status":"publish","type":"page","link":"https:\/\/elisavela.com\/ca\/sintomas-conductas-de-riesgo\/","title":{"rendered":"S\u00edntomas Conductas de Riesgo"},"content":{"rendered":"","protected":false},"excerpt":{"rendered":"","protected":false},"author":1,"featured_media":0,"parent":0,"menu_order":0,"comment_status":"closed","ping_status":"closed","template":"","meta":{"slim_seo":{"title":"S\u00edntomas Conductas de Riesgo - Elisa Vela","description":"S\u00edntomas Conductas de Riesgo A menudo, una situaci\u00f3n de malestar emocional y de dificultad con la propia vida, puede estar enmascarada o acompa\u00f1ada por lo que l"},"footnotes":""},"class_list":["post-104","page","type-page","status-publish","hentry"],"_links":{"self":[{"href":"https:\/\/elisavela.com\/ca\/wp-json\/wp\/v2\/pages\/104","targetHints":{"allow":["GET"]}}],"collection":[{"href":"https:\/\/elisavela.com\/ca\/wp-json\/wp\/v2\/pages"}],"about":[{"href":"https:\/\/elisavela.com\/ca\/wp-json\/wp\/v2\/types\/page"}],"author":[{"embeddable":true,"href":"https:\/\/elisavela.com\/ca\/wp-json\/wp\/v2\/users\/1"}],"replies":[{"embeddable":true,"href":"https:\/\/elisavela.com\/ca\/wp-json\/wp\/v2\/comments?post=104"}],"version-history":[{"count":0,"href":"https:\/\/elisavela.com\/ca\/wp-json\/wp\/v2\/pages\/104\/revisions"}],"wp:attachment":[{"href":"https:\/\/elisavela.com\/ca\/wp-json\/wp\/v2\/media?parent=104"}],"curies":[{"name":"wp","href":"https:\/\/api.w.org\/{rel}","templated":true}]}}