{"id":162,"date":"2025-02-20T12:10:21","date_gmt":"2025-02-20T12:10:21","guid":{"rendered":"https:\/\/elisavela.com\/politica-de-privacidad\/"},"modified":"2025-09-24T08:38:24","modified_gmt":"2025-09-24T08:38:24","slug":"politica-de-privacidad","status":"publish","type":"page","link":"https:\/\/elisavela.com\/ca\/politica-de-privacidad\/","title":{"rendered":"Pol\u00edtica de Privadesa"},"content":{"rendered":"","protected":false},"excerpt":{"rendered":"","protected":false},"author":1,"featured_media":0,"parent":0,"menu_order":0,"comment_status":"closed","ping_status":"closed","template":"","meta":{"slim_seo":{"title":"Pol\u00edtica de Privacidad - Elisa Vela","description":"Pol\u00edtica de Privacidad El Titular le informa sobre su Pol\u00edtica de Privacidad respecto del tratamiento y protecci\u00f3n de los datos de car\u00e1cter personal de los usua"},"footnotes":""},"class_list":["post-162","page","type-page","status-publish","hentry"],"_links":{"self":[{"href":"https:\/\/elisavela.com\/ca\/wp-json\/wp\/v2\/pages\/162","targetHints":{"allow":["GET"]}}],"collection":[{"href":"https:\/\/elisavela.com\/ca\/wp-json\/wp\/v2\/pages"}],"about":[{"href":"https:\/\/elisavela.com\/ca\/wp-json\/wp\/v2\/types\/page"}],"author":[{"embeddable":true,"href":"https:\/\/elisavela.com\/ca\/wp-json\/wp\/v2\/users\/1"}],"replies":[{"embeddable":true,"href":"https:\/\/elisavela.com\/ca\/wp-json\/wp\/v2\/comments?post=162"}],"version-history":[{"count":0,"href":"https:\/\/elisavela.com\/ca\/wp-json\/wp\/v2\/pages\/162\/revisions"}],"wp:attachment":[{"href":"https:\/\/elisavela.com\/ca\/wp-json\/wp\/v2\/media?parent=162"}],"curies":[{"name":"wp","href":"https:\/\/api.w.org\/{rel}","templated":true}]}}