{"id":163,"date":"2025-02-20T12:10:21","date_gmt":"2025-02-20T12:10:21","guid":{"rendered":"https:\/\/elisavela.com\/politica-de-cookies\/"},"modified":"2025-09-24T08:37:58","modified_gmt":"2025-09-24T08:37:58","slug":"politica-de-cookies","status":"publish","type":"page","link":"https:\/\/elisavela.com\/ca\/politica-de-cookies\/","title":{"rendered":"Pol\u00edtica de Cookies"},"content":{"rendered":"","protected":false},"excerpt":{"rendered":"","protected":false},"author":1,"featured_media":0,"parent":0,"menu_order":0,"comment_status":"closed","ping_status":"closed","template":"","meta":{"slim_seo":{"title":"Pol\u00edtica de Cookies - Elisa Vela","description":"Pol\u00edtica de Cookies \u00bfQu\u00e9 son las galletas? En ingl\u00e9s, el t\u00e9rmino \u00abcookie\u00bb significa galleta, pero en el \u00e1mbito de la navegaci\u00f3n web, una \u00abcookie\u00bb es algo comple"},"footnotes":""},"class_list":["post-163","page","type-page","status-publish","hentry"],"_links":{"self":[{"href":"https:\/\/elisavela.com\/ca\/wp-json\/wp\/v2\/pages\/163","targetHints":{"allow":["GET"]}}],"collection":[{"href":"https:\/\/elisavela.com\/ca\/wp-json\/wp\/v2\/pages"}],"about":[{"href":"https:\/\/elisavela.com\/ca\/wp-json\/wp\/v2\/types\/page"}],"author":[{"embeddable":true,"href":"https:\/\/elisavela.com\/ca\/wp-json\/wp\/v2\/users\/1"}],"replies":[{"embeddable":true,"href":"https:\/\/elisavela.com\/ca\/wp-json\/wp\/v2\/comments?post=163"}],"version-history":[{"count":0,"href":"https:\/\/elisavela.com\/ca\/wp-json\/wp\/v2\/pages\/163\/revisions"}],"wp:attachment":[{"href":"https:\/\/elisavela.com\/ca\/wp-json\/wp\/v2\/media?parent=163"}],"curies":[{"name":"wp","href":"https:\/\/api.w.org\/{rel}","templated":true}]}}