{"id":66,"date":"2025-02-19T22:59:55","date_gmt":"2025-02-19T22:59:55","guid":{"rendered":"https:\/\/elisavela.com\/?page_id=66"},"modified":"2025-12-10T11:12:18","modified_gmt":"2025-12-10T11:12:18","slug":"contacto","status":"publish","type":"page","link":"https:\/\/elisavela.com\/ca\/contacto\/","title":{"rendered":"Contacte"},"content":{"rendered":"","protected":false},"excerpt":{"rendered":"","protected":false},"author":1,"featured_media":0,"parent":0,"menu_order":0,"comment_status":"closed","ping_status":"closed","template":"","meta":{"slim_seo":{"title":"Contacto - Elisa Vela","description":"\u00bfCu\u00e1ndo es el momento de pedir ayuda? Estar\u00e9 encantada de acompa\u00f1arte en tu proceso de recuperar y afianzar el bienestar en tu vida y posibilitar tu crecimiento"},"footnotes":""},"class_list":["post-66","page","type-page","status-publish","hentry"],"_links":{"self":[{"href":"https:\/\/elisavela.com\/ca\/wp-json\/wp\/v2\/pages\/66","targetHints":{"allow":["GET"]}}],"collection":[{"href":"https:\/\/elisavela.com\/ca\/wp-json\/wp\/v2\/pages"}],"about":[{"href":"https:\/\/elisavela.com\/ca\/wp-json\/wp\/v2\/types\/page"}],"author":[{"embeddable":true,"href":"https:\/\/elisavela.com\/ca\/wp-json\/wp\/v2\/users\/1"}],"replies":[{"embeddable":true,"href":"https:\/\/elisavela.com\/ca\/wp-json\/wp\/v2\/comments?post=66"}],"version-history":[{"count":2,"href":"https:\/\/elisavela.com\/ca\/wp-json\/wp\/v2\/pages\/66\/revisions"}],"predecessor-version":[{"id":239,"href":"https:\/\/elisavela.com\/ca\/wp-json\/wp\/v2\/pages\/66\/revisions\/239"}],"wp:attachment":[{"href":"https:\/\/elisavela.com\/ca\/wp-json\/wp\/v2\/media?parent=66"}],"curies":[{"name":"wp","href":"https:\/\/api.w.org\/{rel}","templated":true}]}}