{"id":8,"date":"2025-01-15T19:21:01","date_gmt":"2025-01-15T19:21:01","guid":{"rendered":"https:\/\/elisavela.com\/?page_id=8"},"modified":"2025-12-10T10:51:43","modified_gmt":"2025-12-10T10:51:43","slug":"elisa-vela","status":"publish","type":"page","link":"https:\/\/elisavela.com\/ca\/","title":{"rendered":"Elisa Vela \u2013 Psic\u00f2loga a Barcelona"},"content":{"rendered":"","protected":false},"excerpt":{"rendered":"","protected":false},"author":1,"featured_media":0,"parent":0,"menu_order":0,"comment_status":"closed","ping_status":"closed","template":"","meta":{"slim_seo":{"title":"Elisa Vela - Psic\u00f2loga a Barcelona","description":"Psic\u00f2loga Sanit\u00e0ria n\u00ba21970 Psicoter\u00e0pia presencial i online per al malestar psicol\u00f2gic i el creixement personal Espai per mirar-te amb amabilitat, enten"},"footnotes":""},"class_list":["post-8","page","type-page","status-publish","hentry"],"_links":{"self":[{"href":"https:\/\/elisavela.com\/ca\/wp-json\/wp\/v2\/pages\/8","targetHints":{"allow":["GET"]}}],"collection":[{"href":"https:\/\/elisavela.com\/ca\/wp-json\/wp\/v2\/pages"}],"about":[{"href":"https:\/\/elisavela.com\/ca\/wp-json\/wp\/v2\/types\/page"}],"author":[{"embeddable":true,"href":"https:\/\/elisavela.com\/ca\/wp-json\/wp\/v2\/users\/1"}],"replies":[{"embeddable":true,"href":"https:\/\/elisavela.com\/ca\/wp-json\/wp\/v2\/comments?post=8"}],"version-history":[{"count":3,"href":"https:\/\/elisavela.com\/ca\/wp-json\/wp\/v2\/pages\/8\/revisions"}],"predecessor-version":[{"id":238,"href":"https:\/\/elisavela.com\/ca\/wp-json\/wp\/v2\/pages\/8\/revisions\/238"}],"wp:attachment":[{"href":"https:\/\/elisavela.com\/ca\/wp-json\/wp\/v2\/media?parent=8"}],"curies":[{"name":"wp","href":"https:\/\/api.w.org\/{rel}","templated":true}]}}