{"id":97,"date":"2025-02-20T09:36:44","date_gmt":"2025-02-20T09:36:44","guid":{"rendered":"https:\/\/elisavela.com\/?page_id=97"},"modified":"2025-02-20T13:53:39","modified_gmt":"2025-02-20T13:53:39","slug":"sintomas-fisicos","status":"publish","type":"page","link":"https:\/\/elisavela.com\/ca\/sintomas-fisicos\/","title":{"rendered":"S\u00edmptomes F\u00edsics"},"content":{"rendered":"","protected":false},"excerpt":{"rendered":"","protected":false},"author":1,"featured_media":0,"parent":0,"menu_order":0,"comment_status":"closed","ping_status":"closed","template":"","meta":{"slim_seo":{"title":"S\u00edntomas F\u00edsicos - Elisa Vela","description":"S\u00edntomas Sintomas F\u00edsicos Generalmente hacemos referencia a s\u00edntomas f\u00edsicos sin causa m\u00e9dica que son la expresi\u00f3n de alg\u00fan tipo de dificultad emocional que se"},"footnotes":""},"class_list":["post-97","page","type-page","status-publish","hentry"],"_links":{"self":[{"href":"https:\/\/elisavela.com\/ca\/wp-json\/wp\/v2\/pages\/97","targetHints":{"allow":["GET"]}}],"collection":[{"href":"https:\/\/elisavela.com\/ca\/wp-json\/wp\/v2\/pages"}],"about":[{"href":"https:\/\/elisavela.com\/ca\/wp-json\/wp\/v2\/types\/page"}],"author":[{"embeddable":true,"href":"https:\/\/elisavela.com\/ca\/wp-json\/wp\/v2\/users\/1"}],"replies":[{"embeddable":true,"href":"https:\/\/elisavela.com\/ca\/wp-json\/wp\/v2\/comments?post=97"}],"version-history":[{"count":0,"href":"https:\/\/elisavela.com\/ca\/wp-json\/wp\/v2\/pages\/97\/revisions"}],"wp:attachment":[{"href":"https:\/\/elisavela.com\/ca\/wp-json\/wp\/v2\/media?parent=97"}],"curies":[{"name":"wp","href":"https:\/\/api.w.org\/{rel}","templated":true}]}}